{"id":815,"date":"2024-03-29T16:02:04","date_gmt":"2024-03-29T20:02:04","guid":{"rendered":"http:\/\/dev.lucasoil.co.uk:8888\/?page_id=815"},"modified":"2025-05-16T11:12:21","modified_gmt":"2025-05-16T15:12:21","slug":"where-to-buy","status":"publish","type":"page","link":"https:\/\/staging.lucasoil.ca\/fr\/where-to-buy\/","title":{"rendered":"Where to Buy"},"content":{"rendered":"<div class=\"gb-container gb-container-c64ff905\">\n\n<h2 class=\"gb-headline gb-headline-cb39e6fe gb-headline-text\">SOLD AT MAJOR RETAILERS NATIONWIDE<\/h2>\n\n<\/div>\n\n<div class=\"gb-container gb-container-25d23c16\">\n<div class=\"gb-grid-wrapper gb-grid-wrapper-00288526\">\n<div class=\"gb-grid-column gb-grid-column-3187e7e4\"><div class=\"gb-container gb-container-3187e7e4\">\n<div class=\"wp-block-image\">\n<figure class=\"aligncenter size-large\"><a href=\"https:\/\/www.amazon.co.uk\/stores\/Lucas+Oil+Products+UK\/page\/87B1133C-EA1A-4837-8C22-0CAD1A67BCF1?ref_=ast_bln\"><img decoding=\"async\" src=\"https:\/\/staging.lucasoil.ca:8888\/wp-content\/uploads\/2024\/04\/amazon-co-uk-1024x223.png\" alt=\"\" class=\"wp-image-1126\"\/><\/a><\/figure>\n<\/div>\n<\/div><\/div>\n\n<div class=\"gb-grid-column gb-grid-column-fe6a9321\"><div class=\"gb-container gb-container-fe6a9321\">\n<div class=\"wp-block-image\">\n<figure class=\"aligncenter size-full\"><a href=\"https:\/\/www.demon-tweeks.com\/uk\/brand\/lucas-oil\/\"><img decoding=\"async\" src=\"https:\/\/staging.lucasoil.ca:8888\/wp-content\/uploads\/2024\/04\/demon-tweeks.png\" alt=\"\" class=\"wp-image-1127\"\/><\/a><\/figure>\n<\/div>\n<\/div><\/div>\n\n<div class=\"gb-grid-column gb-grid-column-bd970294\"><div class=\"gb-container gb-container-bd970294\">\n<div class=\"wp-block-image\">\n<figure class=\"aligncenter size-large\"><a href=\"https:\/\/www.serckmotorsport.co.uk\/brand\/lucas\/\"><img decoding=\"async\" src=\"https:\/\/staging.lucasoil.ca:8888\/wp-content\/uploads\/2024\/04\/Serck-Motorsport-Unipart-HighRes-1-1024x384.jpg\" alt=\"\" class=\"wp-image-1128\"\/><\/a><\/figure>\n<\/div>\n<\/div><\/div>\n<\/div>\n<\/div>\n\n<div class=\"gb-container gb-container-11dbb8b1\">\n<div class=\"gb-grid-wrapper gb-grid-wrapper-34daf231\">\n<div class=\"gb-grid-column gb-grid-column-1e9b3a5f\"><div class=\"gb-container gb-container-1e9b3a5f\">\n<div class=\"wp-block-image\">\n<figure class=\"aligncenter size-full\"><a href=\"https:\/\/www.caarparts.co.uk\/\"><img decoding=\"async\" src=\"https:\/\/staging.lucasoil.ca:8888\/wp-content\/uploads\/2024\/04\/caar-logo.png\" alt=\"\" class=\"wp-image-1129\"\/><\/a><\/figure>\n<\/div>\n<\/div><\/div>\n\n<div class=\"gb-grid-column gb-grid-column-520dc9a1\"><div class=\"gb-container gb-container-520dc9a1\">\n<div class=\"wp-block-image\">\n<figure class=\"aligncenter size-full\"><a href=\"https:\/\/www.mpdonline.co.uk\/\"><img decoding=\"async\" src=\"https:\/\/staging.lucasoil.ca:8888\/wp-content\/uploads\/2024\/04\/Motor-Parts-Direct.jpg\" alt=\"\" class=\"wp-image-1133\"\/><\/a><\/figure>\n<\/div>\n<\/div><\/div>\n\n<div class=\"gb-grid-column gb-grid-column-55d7879e\"><div class=\"gb-container gb-container-55d7879e\">\n<div class=\"wp-block-image\">\n<figure class=\"aligncenter size-large\"><a href=\"https:\/\/www.onogo.com\/\"><img decoding=\"async\" src=\"https:\/\/staging.lucasoil.ca:8888\/wp-content\/uploads\/2024\/04\/Onogo-1024x300.png\" alt=\"\" class=\"wp-image-1132\"\/><\/a><\/figure>\n<\/div>\n<\/div><\/div>\n<\/div>\n<\/div>\n\n<div class=\"gb-container gb-container-7d713648\">\n\n<h2 class=\"gb-headline gb-headline-00149202 gb-headline-text\">FIND A STORE NEAR YOU<\/h2>\n\n<\/div>\n\n<div class=\"gb-container gb-container-dc69384c\">\n<p><\/p>\n\n<\/div>\n\n<div class=\"gb-container gb-container-228cb1b6\">\n\n<h2 class=\"gb-headline gb-headline-7b56b31a gb-headline-text\">EUROPEAN RETAILERS<\/h2>\n\n\n<div class=\"gb-grid-wrapper gb-grid-wrapper-eabaa12a\">\n<div class=\"gb-grid-column gb-grid-column-14fd7d0b\"><div class=\"gb-container gb-container-14fd7d0b\">\n\n<h3 class=\"gb-headline gb-headline-69b6b045 gb-headline-text\">24MX<\/h3>\n\n\n\n<p style=\"font-size:16px\">Elektrav\u00e4gen 22<br>126 30 H\u00e4gersten<br>Sweden<br>Tel: 08-605 30 80<br>Email:&nbsp;<a href=\"mailto:info@24mx.se\">info@24mx.se<\/a><br>Website:&nbsp;<a href=\"http:\/\/www.24mx.se\/\" target=\"_blank\" rel=\"noreferrer noopener\">www.24mx.se<\/a><\/p>\n\n<\/div><\/div>\n\n<div class=\"gb-grid-column gb-grid-column-4c6cc9e2\"><div class=\"gb-container gb-container-4c6cc9e2\">\n\n<h3 class=\"gb-headline gb-headline-c5c84e7a gb-headline-text\">AUTO PARTNER W. KONOPKA SP. JAWNA<\/h3>\n\n\n\n<p style=\"font-size:16px\">Ul. SPOLDZIELCZA 27<br>OLSZTYN<br>10-625<br>Poland<br>Tel: 048 89 522 91 03<br>Email:&nbsp;<a href=\"mailto:autopartner4@vp.pl\">autopartner4@vp.pl<\/a><br>Web:&nbsp;<a href=\"http:\/\/www.lucasoil.pl\/\" target=\"_blank\" rel=\"noreferrer noopener\">www.lucasoil.pl<\/a><\/p>\n\n<\/div><\/div>\n\n<div class=\"gb-grid-column gb-grid-column-5a940237\"><div class=\"gb-container gb-container-5a940237\">\n\n<h3 class=\"gb-headline gb-headline-74810a69 gb-headline-text\">BEROIL<\/h3>\n\n\n\n<p style=\"font-size:16px\">Beroil NV Smeermiddelen<br>Industriezone Centrum- Zuid 2415<br>Houthalen &#8211; Helchteren<br>3530<br>Belgium<br>Tel: +32(0) 11\/80 33 23<br>Email:&nbsp;<a href=\"mailto:mario@beroil.be\">mario@beroil.be<\/a><br>Website:&nbsp;<a href=\"http:\/\/www.beroil.be\/\" target=\"_blank\" rel=\"noreferrer noopener\">www.beroil.be<\/a><\/p>\n\n<\/div><\/div>\n\n<div class=\"gb-grid-column gb-grid-column-a99b8a1f\"><div class=\"gb-container gb-container-a99b8a1f\">\n\n<h3 class=\"gb-headline gb-headline-fb76ae4c gb-headline-text\">CUBIC WORKSHOP<\/h3>\n\n\n\n<p style=\"font-size:16px\">1 Bis Rue de Villa Laurius<br>17540 Loire de Verines<br>France<br>Tel:&nbsp;06 629 607 64<br>Email:&nbsp;<a href=\"mailto:contact@cubicws.fr\">contact@cubicws.fr<\/a>&nbsp;<br>Website:&nbsp;<a href=\"http:\/\/www.lucasoil-motor.com\/\" target=\"_blank\" rel=\"noreferrer noopener\">http:\/\/www.lucasoil-motor.com<\/a><\/p>\n\n<\/div><\/div>\n<\/div>\n\n<div class=\"gb-grid-wrapper gb-grid-wrapper-81091f88\">\n<div class=\"gb-grid-column gb-grid-column-db885f54\"><div class=\"gb-container gb-container-db885f54\">\n\n<h3 class=\"gb-headline gb-headline-c6d4bc9a gb-headline-text\">ECONOOIL LTD<\/h3>\n\n\n\n<p style=\"font-size:16px\">Major Gortalov str<br>13 B rn. Krasno Selo zhk<br>Buxton 1618<br>Sofia<br>Bulgaria<br>Tel: +359 02-444-0636<br>Fax: +359-78-531226<br>Email:&nbsp;<a href=\"mailto:econooil-ltd@econooil.com\">econooil-ltd@econooil.com<\/a><br>Web:&nbsp;<a href=\"http:\/\/www.econooil.com\/\" target=\"_blank\" rel=\"noreferrer noopener\">www.econooil.com<\/a><\/p>\n\n<\/div><\/div>\n\n<div class=\"gb-grid-column gb-grid-column-498c9713\"><div class=\"gb-container gb-container-498c9713\">\n\n<h3 class=\"gb-headline gb-headline-3e491bf5 gb-headline-text\">EUROCAS<\/h3>\n\n\n\n<p style=\"font-size:16px\">Flat 55 Spinola Court<br>Upper Gardens<br>St Julians<br>Malta<br>ST J05<br>Tel: 011 356 9945 8153<br>Email:&nbsp;<a href=\"mailto:sarah7he@hotmail.com\">sarah7he@hotmail.com<\/a><\/p>\n\n<\/div><\/div>\n\n<div class=\"gb-grid-column gb-grid-column-483b9c4f\"><div class=\"gb-container gb-container-483b9c4f\">\n\n<h3 class=\"gb-headline gb-headline-0aa0f8de gb-headline-text\">KNAPPHUS ENERGI STAVANGER<\/h3>\n\n\n\n<p style=\"font-size:16px\">Robotvegen 6<br>4340 BRYNE<br>Norway<br>Tel: +47 51 64 24 00<br>Email:&nbsp;<a href=\"mailto:energi@knapphus.no\">energi@knapphus.no<\/a><br>Web:&nbsp;<a href=\"https:\/\/knapphus.no\/energi\/\">https:\/\/knapphus.no\/energi\/<\/a><\/p>\n\n<\/div><\/div>\n\n<div class=\"gb-grid-column gb-grid-column-e24117c0\"><div class=\"gb-container gb-container-e24117c0\">\n\n<h3 class=\"gb-headline gb-headline-5f95afa9 gb-headline-text\">KNOBBY SHOP AB<\/h3>\n\n\n\n<p style=\"font-size:16px\">Metallgatan 21A<br>Angelholm<br>26272<br>Sweden<br>Tel: +46 431 14411<br>Fax: +46 431 10142<br>Email:&nbsp;<a href=\"mailto:info@knobby.se\">info@knobby.se<\/a><br>Web:&nbsp;<a href=\"http:\/\/www.knobby.eu\/\" target=\"_blank\" rel=\"noreferrer noopener\">www.knobby.eu<\/a><\/p>\n\n<\/div><\/div>\n<\/div>\n\n<div class=\"gb-grid-wrapper gb-grid-wrapper-263780f1\">\n<div class=\"gb-grid-column gb-grid-column-2b2e3bab\"><div class=\"gb-container gb-container-2b2e3bab\">\n\n<h3 class=\"gb-headline gb-headline-acc062ae gb-headline-text\">KUNO RACING<\/h3>\n\n\n\n<p style=\"font-size:16px\">Norbert Kuno (Dipl-Ing)<br>Herrentheystr, 41<br>Lunen<br>Germany<br>D-44536<br>Tel: +49 231 876 860<br>Email:&nbsp;<a href=\"mailto:N.Kuno@gmx.de\">N.Kuno@gmx.de<\/a><br>Website:&nbsp;<a href=\"http:\/\/www.kuno-racing.de\/\" target=\"_blank\" rel=\"noreferrer noopener\">www.kuno-racing.de<\/a><\/p>\n\n<\/div><\/div>\n\n<div class=\"gb-grid-column gb-grid-column-4c2330b9\"><div class=\"gb-container gb-container-4c2330b9\">\n\n<h3 class=\"gb-headline gb-headline-5b0348dd gb-headline-text\">KUSTOM STORE \u2122<\/h3>\n\n\n\n<p style=\"font-size:16px\">Castelfranco Veneto ( TV )<br>31033&nbsp; Italy<br>Tel: +390423724726<br>Email:&nbsp;<a href=\"mailto:info@LucasOil-Italia.comWeb\"><\/a><a href=\"mailto:info@LucasOil-Italia.com\">info@LucasOil-Italia.com<\/a><br>Website:&nbsp;<a href=\"http:\/\/www.lucasoil-italia.com\/\" target=\"_blank\" rel=\"noreferrer noopener\">www.LucasOil-Italia.com<\/a><\/p>\n\n<\/div><\/div>\n\n<div class=\"gb-grid-column gb-grid-column-44f729ab\"><div class=\"gb-container gb-container-44f729ab\">\n\n<h3 class=\"gb-headline gb-headline-bd226bb1 gb-headline-text\">LUBRISTAR LDA.<\/h3>\n\n\n\n<p style=\"font-size:16px\">Zn. Industrial de Mira, Polo 2, Lt. 7<br>3070-492 Seixo de Mira<br>Coimbra &#8211; Portugal<br>Tel: 917 755 982<br>Email:&nbsp;<a href=\"mailto:lubristar@sapo.pt\">lubristar@sapo.pt<\/a><\/p>\n\n<\/div><\/div>\n\n<div class=\"gb-grid-column gb-grid-column-a34c91f9\"><div class=\"gb-container gb-container-a34c91f9\">\n\n<h3 class=\"gb-headline gb-headline-b43fba07 gb-headline-text\">MOTORCYCLE STOREHOUSE<\/h3>\n\n\n\n<p style=\"font-size:16px\">Industrieweg 22<br>Bedum<br>Netherlands<br>9781 AC<br>Tel: +31 50 3039771<br>Email:&nbsp;<a href=\"mailto:TBuiringe@mcseurope.nl\">TBuiringe@mcseurope.nl<\/a><br>Website:&nbsp;<a href=\"http:\/\/www.motorcyclestorehouse.nl\/\" target=\"_blank\" rel=\"noreferrer noopener\">www.motorcyclestorehouse.nl<\/a><\/p>\n\n<\/div><\/div>\n<\/div>\n\n<div class=\"gb-grid-wrapper gb-grid-wrapper-8d2d2d11\">\n<div class=\"gb-grid-column gb-grid-column-e6c91550\"><div class=\"gb-container gb-container-e6c91550\">\n\n<h3 class=\"gb-headline gb-headline-48b6e25e gb-headline-text\">PARTS 2000 (NORTH DOWN MOTOR FACTORS)<\/h3>\n\n\n\n<p style=\"font-size:16px\">23 Jubilee Road<br>Newtownards<br>CO. DOWN<br>BT23 4YJ<br>Northern Ireland<br>Tel: 028 9181 4802<br>Fax: 028 9181 8982<br>Email:&nbsp;<a href=\"mailto:sales@motorfactors.com\">sales@motorfactors.com<\/a><br>Web:&nbsp;<a href=\"http:\/\/www.motorfactors.com\/\" target=\"_blank\" rel=\"noreferrer noopener\">www.motorfactors.com<\/a><\/p>\n\n<\/div><\/div>\n\n<div class=\"gb-grid-column gb-grid-column-50cab453\"><div class=\"gb-container gb-container-50cab453\">\n\n<h3 class=\"gb-headline gb-headline-8235a846 gb-headline-text\">PROMORALLY S.A.G.L.<\/h3>\n\n\n\n<p style=\"font-size:16px\">6828 Balerna<br>Switzerland<br>Tel +41 (0) 79 3513865<br>Email:<a href=\"mailto:info@promorally.ch\">info@promorally.ch<\/a><br>Website:&nbsp;<a href=\"http:\/\/www.promorally.ch\/\" target=\"_blank\" rel=\"noreferrer noopener\">www.promorally.ch<\/a><\/p>\n\n<\/div><\/div>\n\n<div class=\"gb-grid-column gb-grid-column-8935ff04\"><div class=\"gb-container gb-container-8935ff04\">\n\n<h3 class=\"gb-headline gb-headline-b57cc13b gb-headline-text\">RINTEL LTD<\/h3>\n\n\n\n<p style=\"font-size:16px\">38 Asia Street<br>Lemesos<br>3048<br>Cyprus<br>Tel: 00357 99 674730<br>Email:&nbsp;<a href=\"mailto:penel@cytanet.com.cy\">penel@cytanet.com.cy<\/a><\/p>\n\n<\/div><\/div>\n\n<div class=\"gb-grid-column gb-grid-column-b5422125\"><div class=\"gb-container gb-container-b5422125\">\n\n<h3 class=\"gb-headline gb-headline-b36cb310 gb-headline-text\">SM\u00d6RJOLJESPECIALISTEN C NORDIC<\/h3>\n\n\n\n<p style=\"font-size:16px\">Jani Heikka<br>Sm\u00f6rjmedelsspecialisten C Nordic<br>Ventilv\u00e4gen 10,<br>S-541 92 Sk\u00f6vde<br>Sweden<br>Tel: +46(0)703-11188<br>Email:&nbsp;<a href=\"mailto:jani@lucas-oljor.se\"><\/a><a href=\"mailto:jani@lucas-oljor.se\">jani@lucas-oljor.se<\/a><br>Website:&nbsp;<a href=\"http:\/\/www.lucas-oljor.se\/\">www.lucas-oljor.se<br><\/a>Skype: jani.heikka1<\/p>\n\n<\/div><\/div>\n<\/div>\n\n<div class=\"gb-grid-wrapper gb-grid-wrapper-7ed53a18\">\n<div class=\"gb-grid-column gb-grid-column-d33f7df7\"><div class=\"gb-container gb-container-d33f7df7\">\n\n<h3 class=\"gb-headline gb-headline-10504ba8 gb-headline-text\">TECHNOMOTION<\/h3>\n\n\n\n<p style=\"font-size:16px\">Molenvaart 363<br>Breezand<br>Netherlands<br>1764 AR<br>Tel: +31-223-523576<br>Email:&nbsp;<a href=\"mailto:info@technomotion.nl\">info@technomotion.nl<\/a><br>Website:&nbsp;<a href=\"http:\/\/www.technomotion.nl\/\" target=\"_blank\" rel=\"noreferrer noopener\">www.technomotion.nl<\/a><\/p>\n\n<\/div><\/div>\n\n<div class=\"gb-grid-column gb-grid-column-89c26fd6\"><div class=\"gb-container gb-container-89c26fd6\"><\/div><\/div>\n\n<div class=\"gb-grid-column gb-grid-column-0b77dbc4\"><div class=\"gb-container gb-container-0b77dbc4\"><\/div><\/div>\n\n<div class=\"gb-grid-column gb-grid-column-ac5171ee\"><div class=\"gb-container gb-container-ac5171ee\"><\/div><\/div>\n<\/div>\n<\/div>","protected":false},"excerpt":{"rendered":"<p>SOLD AT MAJOR RETAILERS NATIONWIDE FIND A STORE NEAR YOU EUROPEAN RETAILERS<\/p>\n","protected":false},"author":1,"featured_media":0,"parent":0,"menu_order":0,"comment_status":"closed","ping_status":"closed","template":"page-nonblock.php","meta":{"_acf_changed":false,"footnotes":""},"class_list":["post-815","page","type-page","status-publish","hentry"],"acf":[],"_links":{"self":[{"href":"https:\/\/staging.lucasoil.ca\/fr\/wp-json\/wp\/v2\/pages\/815","targetHints":{"allow":["GET"]}}],"collection":[{"href":"https:\/\/staging.lucasoil.ca\/fr\/wp-json\/wp\/v2\/pages"}],"about":[{"href":"https:\/\/staging.lucasoil.ca\/fr\/wp-json\/wp\/v2\/types\/page"}],"author":[{"embeddable":true,"href":"https:\/\/staging.lucasoil.ca\/fr\/wp-json\/wp\/v2\/users\/1"}],"replies":[{"embeddable":true,"href":"https:\/\/staging.lucasoil.ca\/fr\/wp-json\/wp\/v2\/comments?post=815"}],"version-history":[{"count":19,"href":"https:\/\/staging.lucasoil.ca\/fr\/wp-json\/wp\/v2\/pages\/815\/revisions"}],"predecessor-version":[{"id":30658,"href":"https:\/\/staging.lucasoil.ca\/fr\/wp-json\/wp\/v2\/pages\/815\/revisions\/30658"}],"wp:attachment":[{"href":"https:\/\/staging.lucasoil.ca\/fr\/wp-json\/wp\/v2\/media?parent=815"}],"curies":[{"name":"wp","href":"https:\/\/api.w.org\/{rel}","templated":true}]}}